{"id":2553,"date":"2022-03-28T09:55:56","date_gmt":"2022-03-28T09:55:56","guid":{"rendered":"https:\/\/veneto.arrivastaging.it\/privacy-cookies-policy\/"},"modified":"2022-04-15T14:48:39","modified_gmt":"2022-04-15T14:48:39","slug":"privacy-cookies-policy","status":"publish","type":"page","link":"https:\/\/veneto.arrivastaging.it\/en\/privacy-cookies-policy\/","title":{"rendered":"Cookie Policy"},"content":{"rendered":"\n<div class=\"wp-block-ktk-container  ktk-block-container\"><div class=\"ktk-block-container__content ktk-block-container__content--bg-none\">\n<div class=\"wp-block-acf-ktk-section-title  \">\n    <p class=\"wp-block-acf-ktk-section-title__title\">Privacy Cookies Policy<\/p>\n<\/div>\n\n\n\n<h1 class=\"wp-block-heading\" style=\"font-size:30px\">Informativa sui Cookie<\/h1>\n\n\n\n<h2 class=\"has-medium-font-size wp-block-heading\">Cookie<\/h2>\n\n\n\n<p>Per rendere il nostro sito pi\u00f9 facile ed intuitivo facciamo uso dei cookie. I cookie sono piccole porzioni di dati che ci permettono di confrontare i visitatori nuovi e quelli passati e di capire come gli utenti navigano attraverso il nostro sito. Utilizziamo i dati raccolti grazie ai cookie per rendere l&#8217;esperienza di navigazione pi\u00f9 piacevole e pi\u00f9 efficiente in futuro.<\/p>\n\n\n\n<p>I cookie non registrano alcuna informazione personale su un utente e gli eventuali&nbsp; dati identificabili non verranno memorizzati. Se si desidera disabilitare l&#8217;uso dei cookie \u00e8 necessario personalizzare le impostazioni del proprio computer impostando la cancellazione di tutti i cookie o attivando un messaggio di avviso quando i cookie vengono memorizzati. Per procedere senza modificare l&#8217;applicazione dei cookie \u00e8 sufficiente continuare con la navigazione.<\/p>\n\n\n\n<p>Visita&nbsp;<a href=\"http:\/\/www.garanteprivacy.it\/cookie\" target=\"_blank\" rel=\"noreferrer noopener\">la sezione dedicata sul sito del Garante della Privacy<\/a>&nbsp;per ulteriori informazioni sui cookie e su come influenzano la tua esperienza di navigazione.<\/p>\n\n\n\n<p><strong>I tipi di cookie che utilizziamo<\/strong><\/p>\n\n\n\n<p>Cookie indispensabili<\/p>\n\n\n\n<p>Questi cookie sono essenziali al fine di consentire di spostarsi in tutto il sito ed utilizzare a pieno le sue caratteristiche, come ad esempio accedere alle varie aree protette del sito. Senza questi cookie alcuni servizi necessari, come la compilazione di un form per un concorso, non possono essere fruiti.<\/p>\n\n\n\n<p>Performance cookie<\/p>\n\n\n\n<p>Questi cookie raccolgono informazioni su come gli utenti utilizzano un sito web, ad esempio, quali sono le pagine pi\u00f9 visitare, se si ricevono messaggi di errore da pagine web. Questi cookie non raccolgono informazioni che identificano un visitatore. Tutte le informazioni raccolte tramite cookie sono&nbsp; aggregate e quindi anonime. Vengono utilizzati solo per migliorare il funzionamento di un sito web.<br>Utilizzando il nostro sito, l&#8217;utente accetta che tali cookie possono essere installati sul proprio dispositivo.<\/p>\n\n\n\n<p>Cookie di funzionalit\u00e0<\/p>\n\n\n\n<p>I cookie consentono al sito di ricordare le scelte fatte dall\u2019utente (come il nome, la lingua o la regione di provenienza) e forniscono funzionalit\u00e0 avanzate personalizzate. Questi cookie possono essere utilizzati anche per ricordare le modifiche apportate alla dimensione del testo, font ed altre parti di pagine web che \u00e8 possibile personalizzare. Essi possono anche essere utilizzati per fornire servizi che hai chiesto come guardare un video o i commenti su un blog. Le informazioni raccolte da questi tipi di cookie possono essere rese anonime e non in grado di monitorare la vostra attivit\u00e0 di navigazione su altri siti web.<br>Utilizzando il nostro sito, l&#8217;utente accetta che tali cookie possono essere installati sul proprio dispositivo.<\/p>\n\n\n\n<p><strong>Come si cancellano i Cookie<\/strong><\/p>\n\n\n\n<p>I cookie non servono per memorizzare informazioni personali, \u00e8 comunque sempre possibile cancellarli. I browser web pi\u00f9 comuni permettono la cancellazione su comando utente o automaticamente alla chiusura del browser. \u00c8 anche possibile configurare il browser web per bloccare la creazione dei cookie, in questo caso non \u00e8 possibile garantire il corretto funzionamento del servizio offerto.<\/p>\n\n\n\n<p><strong>Google Analytics \/ Yandex Metrica<\/strong><\/p>\n\n\n\n<p>Questo sito web utilizza Google Analytics oppure Yandex Metrica, due servizi di analisi web forniti rispettivamente da Google Inc. (&#8220;Google&#8221;) e Yandex. Tali servizio utilizzano dei &#8220;cookies&#8221;, che sono file di testo depositati sul Vostro computer per consentire al sito web di analizzare come gli utenti utilizzano il sito. Le informazioni generate dal cookie sull&#8217;utilizzo del sito web&nbsp;&nbsp; ( compreso il Vostro indirizzo IP anonimo ) verranno trasmesse e depositate presso i server dei fornitori di terze parti. I Fornitori utilizzeranno queste informazioni allo scopo di esaminare il Vostro utilizzo del sito web, compilare report sulle attivit\u00e0 del sito per gli operatori dello stesso e fornire altri servizi relativi alle attivit\u00e0 del sito web e all&#8217;utilizzo di internet. I Fornitori potranno anche trasferire queste informazioni a terzi ove ci\u00f2 sia imposto dalla legge o laddove tali terzi trattino le suddette informazioni per conto dei Fornitori. Potete rifiutarvi di usare i cookies selezionando l&#8217;impostazione appropriata sul vostro browser, ma si prega di notare che se si fa questo non si pu\u00f2 essere in grado di utilizzare tutte le funzionalit\u00e0 di questo sito web. Utilizzando il presente sito web, voi acconsentite al trattamento dei Vostri dati da parte dei Fornitori di terze parti per le modalit\u00e0 ed i fini sopraindicati.<\/p>\n\n\n\n<p>Per approfondimenti su Google Analytics&nbsp;<a href=\"https:\/\/www.google.it\/intl\/it\/policies\/privacy\/\" target=\"_blank\" rel=\"noreferrer noopener\">clicca qui<\/a>.<\/p>\n\n\n\n<p>Per approfondimenti su Yandex Metrica&nbsp;<a href=\"https:\/\/legal.yandex.com\/privacy\/\" target=\"_blank\" rel=\"noreferrer noopener\">clicca qui (in inglese)<\/a>.<\/p>\n\n\n\n<p><strong>Google Adwords, Bing Advertising, Facebook Advertising<\/strong><\/p>\n\n\n\n<p>Questo sito potrebbe utilizzare, in modo non costante, gli strumenti di advertising e remarketing di Google Adwords, Bing Advertising, Facebook Advertising che consentono di pubblicizzare lo stesso e pubblicare annunci personalizzati in base alle visite degli utenti . Per questo alcune pagine del sito potrebbero includere un codice definito &#8220;codice remarketing&#8221;. Questo codice permette di leggere e configurare i cookie del browser al fine di determinare quale tipo di annuncio mostrare all&#8217;utente, in funzione dei dati relativi alla sua visita al sito, quali per esempio il circuito di navigazione scelto, le pagine effettivamente visitate o le azioni compiute all&#8217;interno delle stesse. Le liste di remarketing cos\u00ec create sono conservate in un database dei server dei relativi network in cui si conservano tutti gli ID dei cookie associati ad ogni lista o categoria di interessi. Inoltre in alcune pagine \u00e8 possibile che venga inserito un codice di monitoraggio conversione: servizio di statistiche che collega i dati provenienti dei singoli network di annunci Google AdWords, Bing Advertising, Facebook Advertising con le azioni compiute all&#8217;interno di questo sito.<\/p>\n\n\n\n<p>Per maggiori informazioni su Google Adwords visitare&nbsp;<a target=\"_blank\" href=\"https:\/\/www.google.com\/intl\/it\/policies\/technologies\/ads\/\" rel=\"noreferrer noopener\">questa pagina<\/a><br>Per maggiori informazioni sul Remarketing di Google visitare&nbsp;<a target=\"_blank\" href=\"https:\/\/support.google.com\/adwords\/answer\/2454000?hl=it&amp;ref_topic=2677326\" rel=\"noreferrer noopener\">questa pagina<\/a><br>Per maggiori informazioni su Bing Advertising visitare&nbsp;<a target=\"_blank\" href=\"https:\/\/www.microsoft.com\/privacystatement\/it-it\/MicrosoftOnlineAdvertising\/Default.aspx\" rel=\"noreferrer noopener\">questa pagina<\/a><br>Per maggiori informazioni su Facebook Advertising visitare&nbsp;<a target=\"_blank\" href=\"https:\/\/www.facebook.com\/help\/1505060059715840\" rel=\"noreferrer noopener\">questa pagina<\/a><\/p>\n\n\n\n<p>L&#8217;autorizzazione alla raccolta e all&#8217;archiviazione dei dati pu\u00f2 essere revocata in qualsiasi momento.<br>L&#8217;utente pu\u00f2 disattivare l&#8217;utilizzo dei cookie da parte di Google, Bing e Facebook attraverso le specifiche opzioni di impostazione dei diversi browser. \u200b<\/p>\n\n\n\n<p><strong>Per i Contenuti embeddati (quindi tutti i video player da social video network, widget, pulsanti social in generale):<\/strong><br>Questo sito potrebbe utilizzare in modo non costante contenuti di&nbsp;<strong>Youtube, Vimeo, Twitter, Facebook, Linkedin, Google+, Skype, Pinterest e Instagram<\/strong>, widget o elementi per interagire con i singoli social network e embeddabili in base all&#8217;occorrenza.<br><br>Per maggiori informazioni sulle policy cookie delle terze parti citate:<br><a target=\"_blank\" href=\"https:\/\/www.facebook.com\/help\/cookies\/\" rel=\"noreferrer noopener\">&#8211; Facebook<\/a><br><a target=\"_blank\" href=\"https:\/\/twitter.com\/privacy?lang=en\" rel=\"noreferrer noopener\">&#8211; Twitter<\/a><br><a target=\"_blank\" href=\"https:\/\/www.google.it\/intl\/it\/policies\/privacy\/\" rel=\"noreferrer noopener\">&#8211; Youtube<\/a><br><a target=\"_blank\" href=\"https:\/\/www.google.com\/policies\/technologies\/types\/\" rel=\"noreferrer noopener\">&#8211; Google+<\/a><br><a target=\"_blank\" href=\"https:\/\/vimeo.com\/cookie_policy\" rel=\"noreferrer noopener\">&#8211; Vimeo<\/a><br><a target=\"_blank\" href=\"https:\/\/about.pinterest.com\/it\/privacy-policy\" rel=\"noreferrer noopener\">&#8211; Pinterest<\/a><br><a target=\"_blank\" href=\"https:\/\/instagram.com\/about\/legal\/privacy\/\" rel=\"noreferrer noopener\">&#8211; Instagram<\/a><br><a target=\"_blank\" href=\"https:\/\/www.linkedin.com\/legal\/cookie-policy?trk=hb_ft_cookie\" rel=\"noreferrer noopener\">&#8211; Linkedin<\/a><br><a target=\"_blank\" href=\"https:\/\/support.skype.com\/it\/faq\/FA1390\/cosa-sono-i-cookie-di-skype\" rel=\"noreferrer noopener\">&#8211; Skype<\/a><\/p>\n\n\n\n<p><strong>Per elementi flash &#8211; Flash Cookie<\/strong><br>Questo sito potrebbe utilizzare, in modo non costante, Adobe Flash Player per erogare alcuni contenuti, come video o animazioni. Al fine di migliorare l&#8217;esperienza di navigazione, utilizziamo Local Shared Objects (piu comunemente conosciuti come &#8220;Flash cookie&#8221;) per ricordare le impostazioni e preferenze dell&#8217;utente. Tali cookie sono archiviati nel computer o dispositivo mobile dell&#8217;utente, ma sono gestiti attraverso un&#8217;interfaccia differente rispetto a quella fornita dal browser. Pertanto non \u00e8 possibile gestire Flash cookie con il browser, ma bisogna accedere agli strumenti di gestione Flash direttamente dal sito internet di Adobe (www.adobe.com). Il sito internet di Adobe fornisce esaustive informazioni su come eliminare o disabilitare i Flash cookie. Il sito web di Adobe fornisce informazioni su come rimuovere o disabilitare i cookie di Flash. Si rammenta che limitare e\/o eliminare l&#8217;uso di questo tipo di flash cookies pu\u00f2 pregiudicare le funzioni disponibili per le applicazioni basate sulla tecnologia Flash.<br>Per maggiori informazioni visitare&nbsp;<a target=\"_blank\" href=\"https:\/\/www.adobe.com\/products\/flashplayer\/security\" rel=\"noreferrer noopener\">questa pagina<\/a><\/p>\n\n\n\n<p><strong>GOOGLE FONT<\/strong><br>Questo sito potrebbe utilizzare, i font dal servizio Google Fonts.<br>Per informazioni sui cookie visitare&nbsp;<a target=\"_blank\" href=\"https:\/\/www.google.it\/intl\/it\/policies\/privacy\/\" rel=\"noreferrer noopener\">questa pagina<\/a><br><\/p>\n\n\n\n<p><strong>AddThis<\/strong><br>Questo sito potrebbe utilizzare, in modo non costante, il servizio di AddThis che permette anche di condividere articoli del sito web attraverso piattaforme sociali. AddThis pu\u00f2 trasmettere informazioni a terzi se richiesto dalla legge o se detti terzi elaborano tali informazioni per conto di AddThis. Non abbiamo alcun controllo sull&#8217;utilizzo dei dati da parte di AddThis e\/o terze parti.<br><br>AddThis pu\u00f2 far riferimento a vari provider di piattaforme sociali, ciascuno dei quali ha una sua propria condotta riguardo alla riservatezza. AddThis \u00e8 un cookie permanente.<br><br>Per ulteriori informazioni visitare&nbsp;<a target=\"_blank\" href=\"https:\/\/www.addthis.com\/privacy\/privacy-policy\" rel=\"noreferrer noopener\">questa pagina<\/a><\/p>\n<\/div><\/div>\n\n\n\n<p><\/p>\n","protected":false},"excerpt":{"rendered":"","protected":false},"author":4,"featured_media":0,"parent":0,"menu_order":0,"comment_status":"closed","ping_status":"closed","template":"","meta":[],"yoast_head":"<!-- This site is optimized with the Yoast SEO plugin v20.1 - https:\/\/yoast.com\/wordpress\/plugins\/seo\/ -->\n<title>Cookie Policy - Arriva Veneto - Staging<\/title>\n<meta name=\"robots\" content=\"noindex, follow, max-snippet:-1, max-image-preview:large, max-video-preview:-1\" \/>\n<meta property=\"og:locale\" content=\"en_US\" \/>\n<meta property=\"og:type\" content=\"article\" \/>\n<meta property=\"og:title\" content=\"Cookie Policy - Arriva Veneto - Staging\" \/>\n<meta property=\"og:url\" content=\"https:\/\/veneto.arrivastaging.it\/en\/privacy-cookies-policy\/\" \/>\n<meta property=\"og:site_name\" content=\"Arriva Veneto - Staging\" \/>\n<meta property=\"article:modified_time\" content=\"2022-04-15T14:48:39+00:00\" \/>\n<meta name=\"twitter:card\" content=\"summary_large_image\" \/>\n<meta name=\"twitter:label1\" content=\"Est. reading time\" \/>\n\t<meta name=\"twitter:data1\" content=\"6 minutes\" \/>\n<script type=\"application\/ld+json\" class=\"yoast-schema-graph\">{\"@context\":\"https:\/\/schema.org\",\"@graph\":[{\"@type\":\"WebPage\",\"@id\":\"https:\/\/veneto.arrivastaging.it\/en\/privacy-cookies-policy\/\",\"url\":\"https:\/\/veneto.arrivastaging.it\/en\/privacy-cookies-policy\/\",\"name\":\"Cookie Policy - Arriva Veneto - Staging\",\"isPartOf\":{\"@id\":\"https:\/\/veneto.arrivastaging.it\/#website\"},\"datePublished\":\"2022-03-28T09:55:56+00:00\",\"dateModified\":\"2022-04-15T14:48:39+00:00\",\"breadcrumb\":{\"@id\":\"https:\/\/veneto.arrivastaging.it\/en\/privacy-cookies-policy\/#breadcrumb\"},\"inLanguage\":\"en-US\",\"potentialAction\":[{\"@type\":\"ReadAction\",\"target\":[\"https:\/\/veneto.arrivastaging.it\/en\/privacy-cookies-policy\/\"]}]},{\"@type\":\"BreadcrumbList\",\"@id\":\"https:\/\/veneto.arrivastaging.it\/en\/privacy-cookies-policy\/#breadcrumb\",\"itemListElement\":[{\"@type\":\"ListItem\",\"position\":1,\"name\":\"Home\",\"item\":\"https:\/\/veneto.arrivastaging.it\/en\/\"},{\"@type\":\"ListItem\",\"position\":2,\"name\":\"Cookie Policy\"}]},{\"@type\":\"WebSite\",\"@id\":\"https:\/\/veneto.arrivastaging.it\/#website\",\"url\":\"https:\/\/veneto.arrivastaging.it\/\",\"name\":\"Arriva Veneto - Staging\",\"description\":\"a db company\",\"potentialAction\":[{\"@type\":\"SearchAction\",\"target\":{\"@type\":\"EntryPoint\",\"urlTemplate\":\"https:\/\/veneto.arrivastaging.it\/?s={search_term_string}\"},\"query-input\":\"required name=search_term_string\"}],\"inLanguage\":\"en-US\"}]}<\/script>\n<!-- \/ Yoast SEO plugin. -->","yoast_head_json":{"title":"Cookie Policy - Arriva Veneto - Staging","robots":{"index":"noindex","follow":"follow","max-snippet":"max-snippet:-1","max-image-preview":"max-image-preview:large","max-video-preview":"max-video-preview:-1"},"og_locale":"en_US","og_type":"article","og_title":"Cookie Policy - Arriva Veneto - Staging","og_url":"https:\/\/veneto.arrivastaging.it\/en\/privacy-cookies-policy\/","og_site_name":"Arriva Veneto - Staging","article_modified_time":"2022-04-15T14:48:39+00:00","twitter_card":"summary_large_image","twitter_misc":{"Est. reading time":"6 minutes"},"schema":{"@context":"https:\/\/schema.org","@graph":[{"@type":"WebPage","@id":"https:\/\/veneto.arrivastaging.it\/en\/privacy-cookies-policy\/","url":"https:\/\/veneto.arrivastaging.it\/en\/privacy-cookies-policy\/","name":"Cookie Policy - Arriva Veneto - Staging","isPartOf":{"@id":"https:\/\/veneto.arrivastaging.it\/#website"},"datePublished":"2022-03-28T09:55:56+00:00","dateModified":"2022-04-15T14:48:39+00:00","breadcrumb":{"@id":"https:\/\/veneto.arrivastaging.it\/en\/privacy-cookies-policy\/#breadcrumb"},"inLanguage":"en-US","potentialAction":[{"@type":"ReadAction","target":["https:\/\/veneto.arrivastaging.it\/en\/privacy-cookies-policy\/"]}]},{"@type":"BreadcrumbList","@id":"https:\/\/veneto.arrivastaging.it\/en\/privacy-cookies-policy\/#breadcrumb","itemListElement":[{"@type":"ListItem","position":1,"name":"Home","item":"https:\/\/veneto.arrivastaging.it\/en\/"},{"@type":"ListItem","position":2,"name":"Cookie Policy"}]},{"@type":"WebSite","@id":"https:\/\/veneto.arrivastaging.it\/#website","url":"https:\/\/veneto.arrivastaging.it\/","name":"Arriva Veneto - Staging","description":"a db company","potentialAction":[{"@type":"SearchAction","target":{"@type":"EntryPoint","urlTemplate":"https:\/\/veneto.arrivastaging.it\/?s={search_term_string}"},"query-input":"required name=search_term_string"}],"inLanguage":"en-US"}]}},"acf":{"featured_image_mask":"none"},"_links":{"self":[{"href":"https:\/\/veneto.arrivastaging.it\/en\/wp-json\/wp\/v2\/pages\/2553"}],"collection":[{"href":"https:\/\/veneto.arrivastaging.it\/en\/wp-json\/wp\/v2\/pages"}],"about":[{"href":"https:\/\/veneto.arrivastaging.it\/en\/wp-json\/wp\/v2\/types\/page"}],"author":[{"embeddable":true,"href":"https:\/\/veneto.arrivastaging.it\/en\/wp-json\/wp\/v2\/users\/4"}],"replies":[{"embeddable":true,"href":"https:\/\/veneto.arrivastaging.it\/en\/wp-json\/wp\/v2\/comments?post=2553"}],"version-history":[{"count":1,"href":"https:\/\/veneto.arrivastaging.it\/en\/wp-json\/wp\/v2\/pages\/2553\/revisions"}],"predecessor-version":[{"id":2554,"href":"https:\/\/veneto.arrivastaging.it\/en\/wp-json\/wp\/v2\/pages\/2553\/revisions\/2554"}],"wp:attachment":[{"href":"https:\/\/veneto.arrivastaging.it\/en\/wp-json\/wp\/v2\/media?parent=2553"}],"curies":[{"name":"wp","href":"https:\/\/api.w.org\/{rel}","templated":true}]}}